{"id":1315,"date":"2021-03-30T10:54:55","date_gmt":"2021-03-30T08:54:55","guid":{"rendered":"http:\/\/entreprendre-paysdecraon.com\/web\/?page_id=1315"},"modified":"2023-03-14T14:04:12","modified_gmt":"2023-03-14T13:04:12","slug":"le-groupement","status":"publish","type":"page","link":"https:\/\/entreprendre-paysdecraon.com\/web\/index.php\/le-groupement\/","title":{"rendered":"Le groupement"},"content":{"rendered":"\t\t<div data-elementor-type=\"wp-page\" data-elementor-id=\"1315\" class=\"elementor elementor-1315\">\n\t\t\t\t\t\t\t\t\t<section class=\"elementor-section elementor-top-section elementor-element elementor-element-2b0cb73 elementor-section-content-middle elementor-reverse-mobile elementor-section-full_width elementor-section-height-min-height elementor-section-height-default elementor-section-items-middle\" data-id=\"2b0cb73\" data-element_type=\"section\">\n\t\t\t\t\t\t<div class=\"elementor-container elementor-column-gap-no\">\n\t\t\t\t\t<div class=\"elementor-column elementor-col-50 elementor-top-column elementor-element elementor-element-a2f7b6e\" data-id=\"a2f7b6e\" data-element_type=\"column\">\n\t\t\t<div class=\"elementor-widget-wrap elementor-element-populated\">\n\t\t\t\t\t\t\t\t<div class=\"elementor-element elementor-element-a7a4a45 elementor-widget elementor-widget-heading\" data-id=\"a7a4a45\" data-element_type=\"widget\" data-widget_type=\"heading.default\">\n\t\t\t\t<div class=\"elementor-widget-container\">\n\t\t\t<h3 class=\"elementor-heading-title elementor-size-default\">LE MOT DE LA PR\u00c9SIDENTE<\/h3>\t\t<\/div>\n\t\t\t\t<\/div>\n\t\t\t\t<div class=\"elementor-element elementor-element-5a0e86b elementor-widget elementor-widget-text-editor\" data-id=\"5a0e86b\" data-element_type=\"widget\" data-widget_type=\"text-editor.default\">\n\t\t\t\t<div class=\"elementor-widget-container\">\n\t\t\t\t\t\t\t<p>Le Club des Entrepreneurs du Pays de Craon regroupe une quarantaine d\u2019Entreprises de plus de 10 salari\u00e9s qui participe au d\u00e9veloppement du territoire et m\u00e8ne des actions souvent locales ou r\u00e9gionales depuis une trentaine d\u2019ann\u00e9es.<br \/>C\u2019est un r\u00e9seau de Dirigeants d\u2019entreprises qui ont tous, dans des secteurs d\u2019activit\u00e9 diff\u00e9rents, leur propre expertise, mais qui partagent une ambition commune : promouvoir l\u2019esprit d\u2019entreprendre et faire grandir leur entreprise. <br \/>Il a pour vocation de rassembler, sur l\u2019ensemble du territoire, des r\u00e9seaux d\u2019entrepreneurs, qui contribuent \u00e0 l\u2019\u00e9mergence de solutions concr\u00e8tes, issue du terrain, pour r\u00e9pondre aux probl\u00e9matiques qui touchent les entrepreneurs quel que soit leur statut.<\/p><p>La force du Club des Entrepreneurs est ind\u00e9niablement sa diversit\u00e9.<br \/>Cette diversit\u00e9 permet de repr\u00e9senter la richesse du maillage des entreprises et de se positionner au c\u0153ur des probl\u00e9matiques entrepreneuriales.<br \/>Des rencontres ont lieu r\u00e9guli\u00e8rement sur des th\u00e8mes divers en lien avec l\u2019actualit\u00e9 du moment et nous organisons, en parall\u00e8le des visites d\u2019Entreprises pour bien nous impr\u00e9gner des richesses pr\u00e9sentes sur notre territoire et valoriser nos m\u00e9tiers ou savoir-faire.<br \/>Ce Club se veut avant tout un lieu d\u2019\u00e9changes o\u00f9 il fait bon se rencontrer et partager en toute simplicit\u00e9.<br \/>Merci \u00e0 tous les Membres et aux Elus qui, par leur pr\u00e9sence et leur implication, participent \u00e0 la p\u00e9rennit\u00e9 de ce Club ! <br \/>Myriam JOUBERT <br \/>Pr\u00e9sidente<\/p>\t\t\t\t\t\t<\/div>\n\t\t\t\t<\/div>\n\t\t\t\t\t<\/div>\n\t\t<\/div>\n\t\t\t\t<div class=\"elementor-column elementor-col-50 elementor-top-column elementor-element elementor-element-73a6eae\" data-id=\"73a6eae\" data-element_type=\"column\">\n\t\t\t<div class=\"elementor-widget-wrap elementor-element-populated\">\n\t\t\t\t\t\t\t\t<div class=\"elementor-element elementor-element-8d8f994 elementor-widget elementor-widget-image\" data-id=\"8d8f994\" data-element_type=\"widget\" data-widget_type=\"image.default\">\n\t\t\t\t<div class=\"elementor-widget-container\">\n\t\t\t\t\t\t\t\t\t\t\t\t\t\t\t<img fetchpriority=\"high\" decoding=\"async\" width=\"768\" height=\"1024\" src=\"https:\/\/entreprendre-paysdecraon.com\/web\/wp-content\/uploads\/2023\/03\/PHOTO-PRESIDENTE-768x1024.jpg\" class=\"attachment-large size-large wp-image-2606\" alt=\"Photo Pr\u00e9sidente Club Entrepreneurs\" srcset=\"https:\/\/entreprendre-paysdecraon.com\/web\/wp-content\/uploads\/2023\/03\/PHOTO-PRESIDENTE-768x1024.jpg 768w, https:\/\/entreprendre-paysdecraon.com\/web\/wp-content\/uploads\/2023\/03\/PHOTO-PRESIDENTE-225x300.jpg 225w, https:\/\/entreprendre-paysdecraon.com\/web\/wp-content\/uploads\/2023\/03\/PHOTO-PRESIDENTE-1152x1536.jpg 1152w, https:\/\/entreprendre-paysdecraon.com\/web\/wp-content\/uploads\/2023\/03\/PHOTO-PRESIDENTE-1536x2048.jpg 1536w, https:\/\/entreprendre-paysdecraon.com\/web\/wp-content\/uploads\/2023\/03\/PHOTO-PRESIDENTE-scaled.jpg 1920w\" sizes=\"(max-width: 768px) 100vw, 768px\" \/>\t\t\t\t\t\t\t\t\t\t\t\t\t\t\t<\/div>\n\t\t\t\t<\/div>\n\t\t\t\t\t<\/div>\n\t\t<\/div>\n\t\t\t\t\t\t\t<\/div>\n\t\t<\/section>\n\t\t\t\t<section class=\"elementor-section elementor-top-section elementor-element elementor-element-607e5496 elementor-section-content-middle elementor-section-boxed elementor-section-height-default elementor-section-height-default\" data-id=\"607e5496\" data-element_type=\"section\">\n\t\t\t\t\t\t<div class=\"elementor-container elementor-column-gap-no\">\n\t\t\t\t\t<div class=\"elementor-column elementor-col-50 elementor-top-column elementor-element elementor-element-7f658060\" data-id=\"7f658060\" data-element_type=\"column\">\n\t\t\t<div class=\"elementor-widget-wrap elementor-element-populated\">\n\t\t\t\t\t\t\t\t<div class=\"elementor-element elementor-element-35b54cb7 elementor-widget elementor-widget-image\" data-id=\"35b54cb7\" data-element_type=\"widget\" data-widget_type=\"image.default\">\n\t\t\t\t<div class=\"elementor-widget-container\">\n\t\t\t\t\t\t\t\t\t\t\t\t\t\t\t<img decoding=\"async\" width=\"1080\" height=\"883\" src=\"https:\/\/entreprendre-paysdecraon.com\/web\/wp-content\/uploads\/2021\/03\/LogoCEPC2019-1.pdf.png\" class=\"attachment-full size-full wp-image-1115\" alt=\"\" srcset=\"https:\/\/entreprendre-paysdecraon.com\/web\/wp-content\/uploads\/2021\/03\/LogoCEPC2019-1.pdf.png 1080w, https:\/\/entreprendre-paysdecraon.com\/web\/wp-content\/uploads\/2021\/03\/LogoCEPC2019-1.pdf-300x245.png 300w, https:\/\/entreprendre-paysdecraon.com\/web\/wp-content\/uploads\/2021\/03\/LogoCEPC2019-1.pdf-1024x837.png 1024w, https:\/\/entreprendre-paysdecraon.com\/web\/wp-content\/uploads\/2021\/03\/LogoCEPC2019-1.pdf-768x628.png 768w\" sizes=\"(max-width: 1080px) 100vw, 1080px\" \/>\t\t\t\t\t\t\t\t\t\t\t\t\t\t\t<\/div>\n\t\t\t\t<\/div>\n\t\t\t\t\t<\/div>\n\t\t<\/div>\n\t\t\t\t<div class=\"elementor-column elementor-col-50 elementor-top-column elementor-element elementor-element-69e91207\" data-id=\"69e91207\" data-element_type=\"column\">\n\t\t\t<div class=\"elementor-widget-wrap elementor-element-populated\">\n\t\t\t\t\t\t\t\t<div class=\"elementor-element elementor-element-68e84735 elementor-widget elementor-widget-heading\" data-id=\"68e84735\" data-element_type=\"widget\" data-widget_type=\"heading.default\">\n\t\t\t\t<div class=\"elementor-widget-container\">\n\t\t\t<h3 class=\"elementor-heading-title elementor-size-default\">LE BUREAU<\/h3>\t\t<\/div>\n\t\t\t\t<\/div>\n\t\t\t\t<div class=\"elementor-element elementor-element-1157317f elementor-widget elementor-widget-text-editor\" data-id=\"1157317f\" data-element_type=\"widget\" data-widget_type=\"text-editor.default\">\n\t\t\t\t<div class=\"elementor-widget-container\">\n\t\t\t\t\t\t\tPr\u00e9sidente : Myriam JOUBERT\n<span style=\"font-style: inherit; font-weight: inherit;\">Vice-pr\u00e9sidents : Marc-Etienne LERIDON, Pierre FAUROT\n<\/span><span style=\"font-style: inherit; font-weight: inherit;\">Tr\u00e9sori\u00e8re : Andr\u00e9e MAUGEAIS <\/span><span style=\"font-style: inherit; font-weight: inherit;\"\nTr\u00e9sori\u00e8re adjointe : Anne-Sophie FAVRAUD <\/span>\n<\/span><span style=\"font-style: inherit; font-weight: inherit;\">Secr\u00e9taire : Patricia VALL\u00c9E\n<\/span><span style=\"font-style: inherit; font-weight: inherit;\">Secr\u00e9taire adjointe : Cindy BONSERGENT <\/span>\t\t\t\t\t\t<\/div>\n\t\t\t\t<\/div>\n\t\t\t\t\t<\/div>\n\t\t<\/div>\n\t\t\t\t\t\t\t<\/div>\n\t\t<\/section>\n\t\t\t\t\t\t\t<\/div>\n\t\t","protected":false},"excerpt":{"rendered":"<p>LE MOT DE LA PR\u00c9SIDENTE Le Club des Entrepreneurs du Pays de Craon regroupe une quarantaine d\u2019Entreprises de plus de 10 salari\u00e9s qui participe au d\u00e9veloppement du territoire et m\u00e8ne des actions souvent locales ou r\u00e9gionales depuis une trentaine d\u2019ann\u00e9es.C\u2019est un r\u00e9seau de Dirigeants d\u2019entreprises qui ont tous, dans des secteurs d\u2019activit\u00e9 diff\u00e9rents, leur propre [&hellip;]<\/p>\n","protected":false},"author":1,"featured_media":0,"parent":0,"menu_order":0,"comment_status":"closed","ping_status":"closed","template":"templates\/builder-fullwidth-std.php","meta":{"footnotes":""},"class_list":["post-1315","page","type-page","status-publish","hentry"],"_links":{"self":[{"href":"https:\/\/entreprendre-paysdecraon.com\/web\/index.php\/wp-json\/wp\/v2\/pages\/1315","targetHints":{"allow":["GET"]}}],"collection":[{"href":"https:\/\/entreprendre-paysdecraon.com\/web\/index.php\/wp-json\/wp\/v2\/pages"}],"about":[{"href":"https:\/\/entreprendre-paysdecraon.com\/web\/index.php\/wp-json\/wp\/v2\/types\/page"}],"author":[{"embeddable":true,"href":"https:\/\/entreprendre-paysdecraon.com\/web\/index.php\/wp-json\/wp\/v2\/users\/1"}],"replies":[{"embeddable":true,"href":"https:\/\/entreprendre-paysdecraon.com\/web\/index.php\/wp-json\/wp\/v2\/comments?post=1315"}],"version-history":[{"count":0,"href":"https:\/\/entreprendre-paysdecraon.com\/web\/index.php\/wp-json\/wp\/v2\/pages\/1315\/revisions"}],"wp:attachment":[{"href":"https:\/\/entreprendre-paysdecraon.com\/web\/index.php\/wp-json\/wp\/v2\/media?parent=1315"}],"curies":[{"name":"wp","href":"https:\/\/api.w.org\/{rel}","templated":true}]}}